{"id":56562,"date":"2025-10-12T10:46:02","date_gmt":"2025-10-12T10:46:02","guid":{"rendered":"https:\/\/centrobebe.es\/?post_type=product&#038;p=56562"},"modified":"2026-03-27T18:37:17","modified_gmt":"2026-03-27T18:37:17","slug":"cochecito-bebe-espiro-miloo","status":"publish","type":"product","link":"https:\/\/centrobebe.es\/en\/shop\/centrobebe\/cochecitos-y-sillas-de-paseo-de-bebe\/cochecitos-bebe\/cochecitos-dos-piezas\/cochecito-bebe-espiro-miloo\/","title":{"rendered":"Cochecito bebe Espiro Miloo 2.0 Dos Piezas 2026"},"content":{"rendered":"<h1>Cochecito bebe Espiro Miloo Dos Piezas<\/h1>\n<div>\n<h3 data-start=\"149\" data-end=\"238\">Carrito Espiro Miloo \u2013 2-en-1 Duo Premium: dise\u00f1o, confort y versatilidad hasta 22 kg<\/h3>\n<p data-start=\"240\" data-end=\"565\">El <strong data-start=\"243\" data-end=\"259\">Espiro Miloo<\/strong> es un carrito 2-en-1 de gama alta que combina lujo, comodidad y funcionalidad para acompa\u00f1ar al beb\u00e9 desde el nacimiento hasta los 22 kg. Ideal para los padres exigentes que buscan un cochecito elegante, robusto y con todas las prestaciones necesarias para explorar la ciudad o disfrutar de largos paseos.<\/p>\n<p><iframe title=\"Espiro Miloo - instrukcja obs\u0142ugi\" width=\"1220\" height=\"686\" src=\"https:\/\/www.youtube.com\/embed\/iwjnZRcUyeE?feature=oembed\" frameborder=\"0\" allow=\"accelerometer; autoplay; clipboard-write; encrypted-media; gyroscope; picture-in-picture; web-share\" referrerpolicy=\"strict-origin-when-cross-origin\" allowfullscreen><\/iframe><\/p>\n<h4 data-start=\"567\" data-end=\"598\">Caracter\u00edsticas destacadas<\/h4>\n<ul data-start=\"600\" data-end=\"2323\">\n<li data-start=\"600\" data-end=\"752\">\n<p data-start=\"602\" data-end=\"752\"><strong data-start=\"602\" data-end=\"619\">Uso evolutivo<\/strong>: incluye capazo ventilado apto desde reci\u00e9n nacido, y silla de paseo para ni\u00f1os hasta 22 kg.<\/p>\n<\/li>\n<li data-start=\"753\" data-end=\"894\">\n<p data-start=\"755\" data-end=\"894\"><strong data-start=\"755\" data-end=\"777\">Chasis ultraligero<\/strong> de solo <strong data-start=\"786\" data-end=\"798\">\u2248 7,4 kg<\/strong>, lo que lo hace f\u00e1cil de manejar, transportar y plegar.<\/p>\n<\/li>\n<li data-start=\"895\" data-end=\"1005\">\n<p data-start=\"897\" data-end=\"1005\"><strong data-start=\"897\" data-end=\"917\">Plegado compacto<\/strong>, ideal para guardarlo en el maletero del coche.<\/p>\n<\/li>\n<li data-start=\"1006\" data-end=\"1187\">\n<p data-start=\"1008\" data-end=\"1187\"><strong data-start=\"1008\" data-end=\"1032\">Ventilaci\u00f3n avanzada<\/strong>: sistema de <strong data-start=\"1045\" data-end=\"1067\">triple ventilaci\u00f3n<\/strong> en el capazo para mantener la temperatura adecuada y confort en climas c\u00e1lidos.<\/p>\n<\/li>\n<li data-start=\"1188\" data-end=\"1349\">\n<p data-start=\"1190\" data-end=\"1349\"><strong data-start=\"1190\" data-end=\"1222\">Estabilizador de vibraciones<\/strong> en el capazo que ayuda a suavizar los impactos al andar sobre superficies irregulares.<\/p>\n<\/li>\n<li data-start=\"1350\" data-end=\"1643\">\n<p data-start=\"1352\" data-end=\"1643\"><strong data-start=\"1352\" data-end=\"1377\">Seguridad y comodidad<\/strong>:<br data-start=\"1378\" data-end=\"1381\" \/>\u2022 Arn\u00e9s de 5 puntos con hebilla magn\u00e9tica, con protecci\u00f3n acolchada para hombros. <br data-start=\"1502\" data-end=\"1505\" \/>\u2022 Asiento reversible (orientado hacia ti o hacia el frente), reclinable en distintas posiciones.<\/p>\n<\/li>\n<li data-start=\"1645\" data-end=\"1822\">\n<p data-start=\"1647\" data-end=\"1822\"><strong data-start=\"1647\" data-end=\"1681\">Ruedas y suspensi\u00f3n de calidad<\/strong>: ruedas delanteras de 20 cm, traseras de 29 cm; buen sistema de suspensi\u00f3n para paseos confortables.<\/p>\n<\/li>\n<li data-start=\"1824\" data-end=\"2051\">\n<p data-start=\"1826\" data-end=\"2051\"><strong data-start=\"1826\" data-end=\"1850\">Accesorios incluidos<\/strong>: capota ajustable, bolsa de paseo, protector de lluvia, mosquitera, cubre-pies, doble bolso, adaptadores de altura del capazo, colchoneta de bamb\u00fa, entre otros.<\/p>\n<\/li>\n<li data-start=\"2053\" data-end=\"2323\">\n<p data-start=\"2055\" data-end=\"2323\"><strong data-start=\"2055\" data-end=\"2077\">Dimensiones y peso<\/strong>:<br data-start=\"2078\" data-end=\"2081\" \/>\u2022 Con capazo: alrededor de 11,35 kg <br data-start=\"2156\" data-end=\"2159\" \/>\u2022 Con silla: 11,6 kg <br data-start=\"2221\" data-end=\"2224\" \/>\u2022 Dimensiones plegado con silla: aprox. 67 \u00d7 59 \u00d7 30 cm<\/p>\n<\/li>\n<\/ul>\n<hr data-start=\"2325\" data-end=\"2328\" \/>\n<h3 data-start=\"2330\" data-end=\"2348\">Ventajas clave<\/h3>\n<ul data-start=\"2350\" data-end=\"2711\">\n<li data-start=\"2350\" data-end=\"2469\">\n<p data-start=\"2352\" data-end=\"2469\">Perfecto para padres que desean un carrito \u00fanico para todas las etapas del beb\u00e9 sin perder estilo ni funcionalidad.<\/p>\n<\/li>\n<li data-start=\"2470\" data-end=\"2555\">\n<p data-start=\"2472\" data-end=\"2555\">Dise\u00f1o elegante, detalles de confecci\u00f3n y accesorios que suman valor y comodidad.<\/p>\n<\/li>\n<li data-start=\"2556\" data-end=\"2658\">\n<p data-start=\"2558\" data-end=\"2658\">Excelente ventilaci\u00f3n y suspensi\u00f3n, lo que mejora el confort del beb\u00e9 en todo tipo de superficies.<\/p>\n<\/li>\n<li data-start=\"2659\" data-end=\"2711\">\n<p data-start=\"2661\" data-end=\"2711\">Ligero y plegable, f\u00e1cil de guardar y transportar.<\/p>\n<\/li>\n<\/ul>\n<\/div>\n<div>\n<div><\/div>\n<div>En Centrobebe disponemos de una amplia variedad de <a href=\"https:\/\/centrobebe.es\/en\/product-category\/centrobebe\/cochecitos-y-sillas-de-paseo-de-bebe\/cochecitos-bebe\/\">coches de bebe<\/a> baratas de las principales marcas del mercado que garantizan la calidad y la asistencia t\u00e9cnica ante cualquier incidencia. Encuentra la m\u00e1s acorde con tus necesidades.<\/div>\n<div><\/div>\n<p>Si necesitas m\u00e1s informaci\u00f3n sobre los productos para beb\u00e9s, no dudes en ponerte en contacto con nuestro equipo de profesionales. Estaremos encantados de ayudarte y aconsejarte sobre los beneficios que te aporta cada producto.<\/p>\n<\/div>","protected":false},"excerpt":{"rendered":"<p>El <strong data-start=\"61\" data-end=\"77\">Espiro Miloo<\/strong> combina dise\u00f1o moderno, ligereza y confort desde el nacimiento hasta los 22 kg.<\/p>","protected":false},"featured_media":59045,"template":"","meta":[],"pwb-brand":[663],"product_cat":[154,585],"product_tag":[],"class_list":{"0":"post-56562","1":"product","2":"type-product","3":"status-publish","4":"has-post-thumbnail","6":"pwb-brand-espiro","7":"product_cat-cochecitos-bebe","8":"product_cat-cochecitos-dos-piezas","9":"pa_color-beige","10":"pa_color-beige-chasis-blanco","11":"pa_color-gris-claro","12":"pa_color-marron","13":"pa_color-negro","14":"pa_color-negro-2","15":"tm-no-options","17":"first","18":"instock","19":"sale","20":"taxable","21":"shipping-taxable","22":"purchasable","23":"product-type-variable","24":"wvs-archive-product-wrapper"},"yoast_head":"<!-- This site is optimized with the Yoast SEO plugin v26.9 - https:\/\/yoast.com\/product\/yoast-seo-wordpress\/ -->\n<title>Coche bebe Espiro Miloo - Plegado Autom\u00e1tico - Centrobeb\u00e9<\/title>\n<meta name=\"description\" content=\"Carrito\u00a0Espiro Miloo combina dise\u00f1o moderno, ligereza y confort desde el nacimiento hasta los 22 kg. Compralo on line y financialo facilmente!!\" \/>\n<meta name=\"robots\" content=\"index, follow, max-snippet:-1, max-image-preview:large, max-video-preview:-1\" \/>\n<link rel=\"canonical\" href=\"https:\/\/centrobebe.es\/en\/shop\/centrobebe\/cochecitos-y-sillas-de-paseo-de-bebe\/cochecitos-bebe\/cochecitos-dos-piezas\/cochecito-bebe-espiro-miloo\/\" \/>\n<meta property=\"og:locale\" content=\"en_GB\" \/>\n<meta property=\"og:type\" content=\"article\" \/>\n<meta property=\"og:title\" content=\"Coche bebe Espiro Miloo - Plegado Autom\u00e1tico - Centrobeb\u00e9\" \/>\n<meta property=\"og:description\" content=\"Carrito\u00a0Espiro Miloo combina dise\u00f1o moderno, ligereza y confort desde el nacimiento hasta los 22 kg. Compralo on line y financialo facilmente!!\" \/>\n<meta property=\"og:url\" content=\"https:\/\/centrobebe.es\/en\/shop\/centrobebe\/cochecitos-y-sillas-de-paseo-de-bebe\/cochecitos-bebe\/cochecitos-dos-piezas\/cochecito-bebe-espiro-miloo\/\" \/>\n<meta property=\"og:site_name\" content=\"Centrobeb\u00e9\" \/>\n<meta property=\"article:publisher\" content=\"https:\/\/www.facebook.com\/centrobebe\/\" \/>\n<meta property=\"article:modified_time\" content=\"2026-03-27T18:37:17+00:00\" \/>\n<meta property=\"og:image\" content=\"https:\/\/centrobebe.es\/wp-content\/uploads\/2025\/10\/Miloo-310-diamond-black-DUO.webp\" \/>\n\t<meta property=\"og:image:width\" content=\"713\" \/>\n\t<meta property=\"og:image:height\" content=\"713\" \/>\n\t<meta property=\"og:image:type\" content=\"image\/webp\" \/>\n<meta name=\"twitter:card\" content=\"summary_large_image\" \/>\n<meta name=\"twitter:site\" content=\"@centrobebe\" \/>\n<meta name=\"twitter:label1\" content=\"Estimated reading time\" \/>\n\t<meta name=\"twitter:data1\" content=\"2 minutes\" \/>\n<script type=\"application\/ld+json\" class=\"yoast-schema-graph\">{\"@context\":\"https:\/\/schema.org\",\"@graph\":[{\"@type\":\"WebPage\",\"@id\":\"https:\/\/centrobebe.es\/shop\/centrobebe\/cochecitos-y-sillas-de-paseo-de-bebe\/cochecitos-bebe\/cochecitos-dos-piezas\/cochecito-bebe-espiro-miloo\/\",\"url\":\"https:\/\/centrobebe.es\/shop\/centrobebe\/cochecitos-y-sillas-de-paseo-de-bebe\/cochecitos-bebe\/cochecitos-dos-piezas\/cochecito-bebe-espiro-miloo\/\",\"name\":\"Coche bebe Espiro Miloo - Plegado Autom\u00e1tico - Centrobeb\u00e9\",\"isPartOf\":{\"@id\":\"https:\/\/centrobebe.es\/#website\"},\"primaryImageOfPage\":{\"@id\":\"https:\/\/centrobebe.es\/shop\/centrobebe\/cochecitos-y-sillas-de-paseo-de-bebe\/cochecitos-bebe\/cochecitos-dos-piezas\/cochecito-bebe-espiro-miloo\/#primaryimage\"},\"image\":{\"@id\":\"https:\/\/centrobebe.es\/shop\/centrobebe\/cochecitos-y-sillas-de-paseo-de-bebe\/cochecitos-bebe\/cochecitos-dos-piezas\/cochecito-bebe-espiro-miloo\/#primaryimage\"},\"thumbnailUrl\":\"https:\/\/centrobebe.es\/wp-content\/uploads\/2025\/10\/Miloo-310-diamond-black-DUO.webp\",\"datePublished\":\"2025-10-12T10:46:02+00:00\",\"dateModified\":\"2026-03-27T18:37:17+00:00\",\"description\":\"Carrito\u00a0Espiro Miloo combina dise\u00f1o moderno, ligereza y confort desde el nacimiento hasta los 22 kg. Compralo on line y financialo facilmente!!\",\"breadcrumb\":{\"@id\":\"https:\/\/centrobebe.es\/shop\/centrobebe\/cochecitos-y-sillas-de-paseo-de-bebe\/cochecitos-bebe\/cochecitos-dos-piezas\/cochecito-bebe-espiro-miloo\/#breadcrumb\"},\"inLanguage\":\"en-GB\",\"potentialAction\":[{\"@type\":\"ReadAction\",\"target\":[\"https:\/\/centrobebe.es\/shop\/centrobebe\/cochecitos-y-sillas-de-paseo-de-bebe\/cochecitos-bebe\/cochecitos-dos-piezas\/cochecito-bebe-espiro-miloo\/\"]}]},{\"@type\":\"ImageObject\",\"inLanguage\":\"en-GB\",\"@id\":\"https:\/\/centrobebe.es\/shop\/centrobebe\/cochecitos-y-sillas-de-paseo-de-bebe\/cochecitos-bebe\/cochecitos-dos-piezas\/cochecito-bebe-espiro-miloo\/#primaryimage\",\"url\":\"https:\/\/centrobebe.es\/wp-content\/uploads\/2025\/10\/Miloo-310-diamond-black-DUO.webp\",\"contentUrl\":\"https:\/\/centrobebe.es\/wp-content\/uploads\/2025\/10\/Miloo-310-diamond-black-DUO.webp\",\"width\":713,\"height\":713,\"caption\":\"coche espiro miloo 2.0 2026\"},{\"@type\":\"BreadcrumbList\",\"@id\":\"https:\/\/centrobebe.es\/shop\/centrobebe\/cochecitos-y-sillas-de-paseo-de-bebe\/cochecitos-bebe\/cochecitos-dos-piezas\/cochecito-bebe-espiro-miloo\/#breadcrumb\",\"itemListElement\":[{\"@type\":\"ListItem\",\"position\":1,\"name\":\"Portada\",\"item\":\"https:\/\/centrobebe.es\/\"},{\"@type\":\"ListItem\",\"position\":2,\"name\":\"Shop\",\"item\":\"https:\/\/centrobebe.es\/shop\/\"},{\"@type\":\"ListItem\",\"position\":3,\"name\":\"Cochecito bebe Espiro Miloo 2.0 Dos Piezas 2026\"}]},{\"@type\":\"WebSite\",\"@id\":\"https:\/\/centrobebe.es\/#website\",\"url\":\"https:\/\/centrobebe.es\/\",\"name\":\"Centrobeb\u00e9\",\"description\":\"Tienda de bebe online | Todo lo que tu bebe necesita\",\"publisher\":{\"@id\":\"https:\/\/centrobebe.es\/#organization\"},\"alternateName\":\"Centrobeb\u00e9\",\"potentialAction\":[{\"@type\":\"SearchAction\",\"target\":{\"@type\":\"EntryPoint\",\"urlTemplate\":\"https:\/\/centrobebe.es\/?s={search_term_string}\"},\"query-input\":{\"@type\":\"PropertyValueSpecification\",\"valueRequired\":true,\"valueName\":\"search_term_string\"}}],\"inLanguage\":\"en-GB\"},{\"@type\":\"Organization\",\"@id\":\"https:\/\/centrobebe.es\/#organization\",\"name\":\"Centrobebe\",\"alternateName\":\"Centrobebe\",\"url\":\"https:\/\/centrobebe.es\/\",\"logo\":{\"@type\":\"ImageObject\",\"inLanguage\":\"en-GB\",\"@id\":\"https:\/\/centrobebe.es\/#\/schema\/logo\/image\/\",\"url\":\"https:\/\/centrobebe.es\/wp-content\/uploads\/2018\/06\/icono3-e1557940133982.png\",\"contentUrl\":\"https:\/\/centrobebe.es\/wp-content\/uploads\/2018\/06\/icono3-e1557940133982.png\",\"width\":34,\"height\":29,\"caption\":\"Centrobebe\"},\"image\":{\"@id\":\"https:\/\/centrobebe.es\/#\/schema\/logo\/image\/\"},\"sameAs\":[\"https:\/\/www.facebook.com\/centrobebe\/\",\"https:\/\/x.com\/centrobebe\",\"https:\/\/www.instagram.com\/centrobebe.es\/\",\"https:\/\/www.youtube.com\/channel\/UCVU-jcFuwntnxOhxvSbf3hg\"]}]}<\/script>\n<!-- \/ Yoast SEO plugin. -->","yoast_head_json":{"title":"Coche bebe Espiro Miloo - Plegado Autom\u00e1tico - Centrobeb\u00e9","description":"Carrito\u00a0Espiro Miloo combina dise\u00f1o moderno, ligereza y confort desde el nacimiento hasta los 22 kg. Compralo on line y financialo facilmente!!","robots":{"index":"index","follow":"follow","max-snippet":"max-snippet:-1","max-image-preview":"max-image-preview:large","max-video-preview":"max-video-preview:-1"},"canonical":"https:\/\/centrobebe.es\/en\/shop\/centrobebe\/cochecitos-y-sillas-de-paseo-de-bebe\/cochecitos-bebe\/cochecitos-dos-piezas\/cochecito-bebe-espiro-miloo\/","og_locale":"en_GB","og_type":"article","og_title":"Coche bebe Espiro Miloo - Plegado Autom\u00e1tico - Centrobeb\u00e9","og_description":"Carrito\u00a0Espiro Miloo combina dise\u00f1o moderno, ligereza y confort desde el nacimiento hasta los 22 kg. Compralo on line y financialo facilmente!!","og_url":"https:\/\/centrobebe.es\/en\/shop\/centrobebe\/cochecitos-y-sillas-de-paseo-de-bebe\/cochecitos-bebe\/cochecitos-dos-piezas\/cochecito-bebe-espiro-miloo\/","og_site_name":"Centrobeb\u00e9","article_publisher":"https:\/\/www.facebook.com\/centrobebe\/","article_modified_time":"2026-03-27T18:37:17+00:00","og_image":[{"width":713,"height":713,"url":"https:\/\/centrobebe.es\/wp-content\/uploads\/2025\/10\/Miloo-310-diamond-black-DUO.webp","type":"image\/webp"}],"twitter_card":"summary_large_image","twitter_site":"@centrobebe","twitter_misc":{"Estimated reading time":"2 minutes"},"schema":{"@context":"https:\/\/schema.org","@graph":[{"@type":"WebPage","@id":"https:\/\/centrobebe.es\/shop\/centrobebe\/cochecitos-y-sillas-de-paseo-de-bebe\/cochecitos-bebe\/cochecitos-dos-piezas\/cochecito-bebe-espiro-miloo\/","url":"https:\/\/centrobebe.es\/shop\/centrobebe\/cochecitos-y-sillas-de-paseo-de-bebe\/cochecitos-bebe\/cochecitos-dos-piezas\/cochecito-bebe-espiro-miloo\/","name":"Coche bebe Espiro Miloo - Plegado Autom\u00e1tico - Centrobeb\u00e9","isPartOf":{"@id":"https:\/\/centrobebe.es\/#website"},"primaryImageOfPage":{"@id":"https:\/\/centrobebe.es\/shop\/centrobebe\/cochecitos-y-sillas-de-paseo-de-bebe\/cochecitos-bebe\/cochecitos-dos-piezas\/cochecito-bebe-espiro-miloo\/#primaryimage"},"image":{"@id":"https:\/\/centrobebe.es\/shop\/centrobebe\/cochecitos-y-sillas-de-paseo-de-bebe\/cochecitos-bebe\/cochecitos-dos-piezas\/cochecito-bebe-espiro-miloo\/#primaryimage"},"thumbnailUrl":"https:\/\/centrobebe.es\/wp-content\/uploads\/2025\/10\/Miloo-310-diamond-black-DUO.webp","datePublished":"2025-10-12T10:46:02+00:00","dateModified":"2026-03-27T18:37:17+00:00","description":"Carrito\u00a0Espiro Miloo combina dise\u00f1o moderno, ligereza y confort desde el nacimiento hasta los 22 kg. Compralo on line y financialo facilmente!!","breadcrumb":{"@id":"https:\/\/centrobebe.es\/shop\/centrobebe\/cochecitos-y-sillas-de-paseo-de-bebe\/cochecitos-bebe\/cochecitos-dos-piezas\/cochecito-bebe-espiro-miloo\/#breadcrumb"},"inLanguage":"en-GB","potentialAction":[{"@type":"ReadAction","target":["https:\/\/centrobebe.es\/shop\/centrobebe\/cochecitos-y-sillas-de-paseo-de-bebe\/cochecitos-bebe\/cochecitos-dos-piezas\/cochecito-bebe-espiro-miloo\/"]}]},{"@type":"ImageObject","inLanguage":"en-GB","@id":"https:\/\/centrobebe.es\/shop\/centrobebe\/cochecitos-y-sillas-de-paseo-de-bebe\/cochecitos-bebe\/cochecitos-dos-piezas\/cochecito-bebe-espiro-miloo\/#primaryimage","url":"https:\/\/centrobebe.es\/wp-content\/uploads\/2025\/10\/Miloo-310-diamond-black-DUO.webp","contentUrl":"https:\/\/centrobebe.es\/wp-content\/uploads\/2025\/10\/Miloo-310-diamond-black-DUO.webp","width":713,"height":713,"caption":"coche espiro miloo 2.0 2026"},{"@type":"BreadcrumbList","@id":"https:\/\/centrobebe.es\/shop\/centrobebe\/cochecitos-y-sillas-de-paseo-de-bebe\/cochecitos-bebe\/cochecitos-dos-piezas\/cochecito-bebe-espiro-miloo\/#breadcrumb","itemListElement":[{"@type":"ListItem","position":1,"name":"Portada","item":"https:\/\/centrobebe.es\/"},{"@type":"ListItem","position":2,"name":"Shop","item":"https:\/\/centrobebe.es\/shop\/"},{"@type":"ListItem","position":3,"name":"Cochecito bebe Espiro Miloo 2.0 Dos Piezas 2026"}]},{"@type":"WebSite","@id":"https:\/\/centrobebe.es\/#website","url":"https:\/\/centrobebe.es\/","name":"Centrobeb\u00e9","description":"Tienda de bebe online | Todo lo que tu bebe necesita","publisher":{"@id":"https:\/\/centrobebe.es\/#organization"},"alternateName":"Centrobeb\u00e9","potentialAction":[{"@type":"SearchAction","target":{"@type":"EntryPoint","urlTemplate":"https:\/\/centrobebe.es\/?s={search_term_string}"},"query-input":{"@type":"PropertyValueSpecification","valueRequired":true,"valueName":"search_term_string"}}],"inLanguage":"en-GB"},{"@type":"Organization","@id":"https:\/\/centrobebe.es\/#organization","name":"Centrobebe","alternateName":"Centrobebe","url":"https:\/\/centrobebe.es\/","logo":{"@type":"ImageObject","inLanguage":"en-GB","@id":"https:\/\/centrobebe.es\/#\/schema\/logo\/image\/","url":"https:\/\/centrobebe.es\/wp-content\/uploads\/2018\/06\/icono3-e1557940133982.png","contentUrl":"https:\/\/centrobebe.es\/wp-content\/uploads\/2018\/06\/icono3-e1557940133982.png","width":34,"height":29,"caption":"Centrobebe"},"image":{"@id":"https:\/\/centrobebe.es\/#\/schema\/logo\/image\/"},"sameAs":["https:\/\/www.facebook.com\/centrobebe\/","https:\/\/x.com\/centrobebe","https:\/\/www.instagram.com\/centrobebe.es\/","https:\/\/www.youtube.com\/channel\/UCVU-jcFuwntnxOhxvSbf3hg"]}]}},"brands":[{"id":663,"name":"ESPIRO","slug":"espiro"}],"_links":{"self":[{"href":"https:\/\/centrobebe.es\/en\/wp-json\/wp\/v2\/product\/56562","targetHints":{"allow":["GET"]}}],"collection":[{"href":"https:\/\/centrobebe.es\/en\/wp-json\/wp\/v2\/product"}],"about":[{"href":"https:\/\/centrobebe.es\/en\/wp-json\/wp\/v2\/types\/product"}],"version-history":[{"count":5,"href":"https:\/\/centrobebe.es\/en\/wp-json\/wp\/v2\/product\/56562\/revisions"}],"predecessor-version":[{"id":59100,"href":"https:\/\/centrobebe.es\/en\/wp-json\/wp\/v2\/product\/56562\/revisions\/59100"}],"wp:featuredmedia":[{"embeddable":true,"href":"https:\/\/centrobebe.es\/en\/wp-json\/wp\/v2\/media\/59045"}],"wp:attachment":[{"href":"https:\/\/centrobebe.es\/en\/wp-json\/wp\/v2\/media?parent=56562"}],"wp:term":[{"taxonomy":"pwb-brand","embeddable":true,"href":"https:\/\/centrobebe.es\/en\/wp-json\/wp\/v2\/pwb-brand?post=56562"},{"taxonomy":"product_cat","embeddable":true,"href":"https:\/\/centrobebe.es\/en\/wp-json\/wp\/v2\/product_cat?post=56562"},{"taxonomy":"product_tag","embeddable":true,"href":"https:\/\/centrobebe.es\/en\/wp-json\/wp\/v2\/product_tag?post=56562"}],"curies":[{"name":"wp","href":"https:\/\/api.w.org\/{rel}","templated":true}]}}