{"id":56710,"date":"2025-10-27T18:06:36","date_gmt":"2025-10-27T18:06:36","guid":{"rendered":"https:\/\/centrobebe.es\/?post_type=product&#038;p=56710"},"modified":"2025-10-27T18:23:19","modified_gmt":"2025-10-27T18:23:19","slug":"sujeta-cabezas-coche-para-ninos-safety-rest","status":"publish","type":"product","link":"https:\/\/centrobebe.es\/en\/shop\/centrobebe\/el-viaje\/sillas-de-auto\/accesorios-sillas-auto\/sujeta-cabezas-coche-para-ninos-safety-rest\/","title":{"rendered":"Sujeta Cabezas Coche para Ni\u00f1os Safety Rest"},"content":{"rendered":"<h1>SAFETY REST, el mejor sujeta cabezas para sillas de coche<\/h1>\n<p>Con Safety Rest viajar en coche mientras tu hijo duerme ya no tiene por qu\u00e9 ser una preocupaci\u00f3n. El sujeta cabezas para sillas de coche Safety Rest ha sido dise\u00f1ado especialmente para ofrecer <strong>un apoyo c\u00f3modo y seguro<\/strong>\u00a0a la cabeza del ni\u00f1o mientras est\u00e1 sentado y duerme en su silla de coche.<\/p>\n<p>Su funci\u00f3n principal es mantener la cabeza en una posici\u00f3n natural y erguida cuando el peque\u00f1o se queda dormido,\u00a0<strong>evitando tensiones en el cuello y movimientos bruscos<\/strong>. Es ergon\u00f3mico y seguro, con tejido resistente,\u00a0 suave y transpirable.<\/p>\n<p>Se instala de forma sencilla en el reposacabezas de la silla de coche,\u00a0<strong>sin interferir en los sistemas de retenci\u00f3n infantil<\/strong>. Es una soluci\u00f3n pr\u00e1ctica y eficaz que cumple con la normativa de seguridad vial.<\/p>\n<p><em><strong>SAFETY REST est\u00e1\u00a0<\/strong><\/em><em><strong>fabricado en Espa\u00f1a y patentado conforme la normativa.<\/strong><\/em><\/p>\n<figure id=\"attachment_56714\" aria-describedby=\"caption-attachment-56714\" style=\"width: 1049px\" class=\"wp-caption aligncenter\"><img fetchpriority=\"high\" decoding=\"async\" class=\"wp-image-56714 size-large\" src=\"https:\/\/centrobebe.es\/wp-content\/uploads\/2025\/10\/sujeta-cabezas-coche-patentado-1049x590.jpg\" alt=\"safety rest\" width=\"1049\" height=\"590\" srcset=\"https:\/\/centrobebe.es\/wp-content\/uploads\/2025\/10\/sujeta-cabezas-coche-patentado-1049x590.jpg 1049w, https:\/\/centrobebe.es\/wp-content\/uploads\/2025\/10\/sujeta-cabezas-coche-patentado.jpg 1500w\" sizes=\"(max-width: 1049px) 100vw, 1049px\" \/><figcaption id=\"caption-attachment-56714\" class=\"wp-caption-text\">sujeta cabezas coche<\/figcaption><\/figure>\n<h2>M\u00e1s que un sujeta cabezas para sillas de coche: SAFETY REST est\u00e1 patentado<\/h2>\n<ul>\n<li><strong>Menos costuras, m\u00e1s resistencia<\/strong>: A diferencia de otros soportes para cabeza, nuestro dise\u00f1o minimiza las costuras para reducir posibles roturas, garantizando una mayor durabilidad y seguridad durante el uso diario. Est\u00e1 fabricado con un tejido que evita desgarros, asegurando que la cabeza de tu hijo no se caiga mientras duerme durante el viaje.<\/li>\n<li><strong>Universal<\/strong>: se adapta f\u00e1cilmente a distintos modelos de sillas de coche y asientos infantiles.<\/li>\n<li><strong>Confort<\/strong>: su textura suave y transpirable mantiene a tu beb\u00e9 fresco y c\u00f3modo. Se fabrica con un tejido resistente pero suave y transpirable que protege la piel sensible de los ni\u00f1os, evitando acumulaci\u00f3n de calor y asegurando comodidad en todo momento.<\/li>\n<li><strong>F\u00e1cil instalaci\u00f3n<\/strong>: se adapta f\u00e1cilmente a diferentes tama\u00f1os de sillas de coche con un sistema de instalaci\u00f3n r\u00e1pido y sencillo, pensado para que los padres lo coloquen sin complicaciones.<\/li>\n<li><strong>Dise\u00f1o ergon\u00f3mico y seguro<\/strong>: pensado para ofrecer un soporte de seguridad adicional, SAFETY REST ha sido cuidadosamente dise\u00f1ado para ofrecer un soporte \u00f3ptimo que mantiene la cabeza del ni\u00f1o estable sin restringir sus movimientos, algo que muchos otros sujeta cabezas no garantizan. Debes saber que este accesorio no reemplaza las medidas de seguridad esenciales como el cintur\u00f3n o el asiento infantil.<\/li>\n<li><strong>Cumple con todas las normativas de seguridad<\/strong>: gracias a su elasticidad, no retiene la cabeza del todo, sino que la mantiene en la posici\u00f3n correcta. Est\u00e1 fabricado en Espa\u00f1a y patentado conforme la normativa para que viajes tranquilo. El sujeta cabezas SAFETY REST cumple con las normativas de seguridad y calidad, y ha sido sometido a rigurosas pruebas y controles europeos para garantizar su eficacia.<\/li>\n<\/ul>\n<p><iframe title=\"Sujeta cabezas de coche para ni\u00f1o Safety  Rest\" width=\"563\" height=\"1000\" src=\"https:\/\/www.youtube.com\/embed\/J-pbqW1etFw?feature=oembed\" frameborder=\"0\" allow=\"accelerometer; autoplay; clipboard-write; encrypted-media; gyroscope; picture-in-picture; web-share\" referrerpolicy=\"strict-origin-when-cross-origin\" allowfullscreen><\/iframe><\/p>\n<p>Con SAFETY REST aportas un plus de comodidad y tranquilidad a cada trayecto.\u00a0<strong>Est\u00e1 dise\u00f1ado como un complemento de apoyo, no como sustituto de los elementos esenciales de seguridad como el cintur\u00f3n o la silla homologada.<\/strong><\/p>\n<h2>Evita los peligrosos cabezazos mientras viaja en la silla de coche<\/h2>\n<p>Cuando los ni\u00f1os se quedan dormidos mientras viajan en la silla de coche, es com\u00fan que su cabeza se incline, lo que puede causar incomodidad, sustos o incluso lesiones leves. En ni\u00f1os peque\u00f1os, su cuello a\u00fan es d\u00e9bil y sus m\u00fasculos no tienen suficiente fuerza para\u00a0<strong>sostener la cabeza en una posici\u00f3n estable durante el movimiento del veh\u00edculo<\/strong>. Adem\u00e1s, los movimientos del coche, como frenadas, acelerones o curvas, hacen que la cabeza se incline de un lado a otro. SAFETY REST est\u00e1 dise\u00f1ado espec\u00edficamente para evitar que la cabeza del ni\u00f1o sufra molestias y movimientos bruscos mientras viaja, brindando\u00a0<strong>un soporte seguro para la cabeza<\/strong>, ayudando a mantenerla firme y protegida durante todo el trayecto.<\/p>\n<p>Gracias a su\u00a0<strong>tejido resistente y ergon\u00f3mico<\/strong>, SAFETY REST ofrece un soporte suave y firme que mantiene la cabeza del ni\u00f1o en una\u00a0<strong>posici\u00f3n segura y estable mientras duerme<\/strong>. As\u00ed, no solo proteges a tu hijo contra movimientos bruscos e inesperados, sino que tambi\u00e9n ayuda a que el descanso sea m\u00e1s c\u00f3modo y sin interrupciones.<\/p>\n<p>Adem\u00e1s, su tejido altamente transpirable cuida la piel sensible de los m\u00e1s peque\u00f1os, asegurando que viajen seguros y confortables en todo momento.<\/p>\n<p>Con nuestro este accesorio imprescindible para sillas de coche, podr\u00e1s conducir tranquilo sabiendo que tus hijos est\u00e1n protegidos de esos inc\u00f3modos cabezazos, permiti\u00e9ndoles descansar pl\u00e1cidamente durante el viaje en coche.<\/p>","protected":false},"excerpt":{"rendered":"<p>Con Safety Rest viajar en coche mientras tu hijo duerme ya no tiene por qu\u00e9 ser una preocupaci\u00f3n. El sujeta cabezas para sillas de coche Safety Rest ha sido dise\u00f1ado especialmente para ofrecer <strong>un apoyo c\u00f3modo y seguro<\/strong>\u00a0a la cabeza del ni\u00f1o mientras est\u00e1 sentado y duerme en su silla de coche.<\/p>","protected":false},"featured_media":56713,"template":"","meta":[],"pwb-brand":[647],"product_cat":[513],"product_tag":[],"class_list":{"0":"post-56710","1":"product","2":"type-product","3":"status-publish","4":"has-post-thumbnail","6":"pwb-brand-quiavolo","7":"product_cat-accesorios-sillas-auto","8":"tm-no-options","10":"first","11":"instock","12":"taxable","13":"shipping-taxable","14":"purchasable","15":"product-type-simple"},"yoast_head":"<!-- This site is optimized with the Yoast SEO plugin v26.9 - https:\/\/yoast.com\/product\/yoast-seo-wordpress\/ -->\n<title>Sujeta Cabezas Coche para Ni\u00f1os Safety Rest - Centrobeb\u00e9<\/title>\n<meta name=\"description\" content=\"El sujeta cabezas para sillas de coche Safety Rest ha sido dise\u00f1ado especialmente para ofrecer un apoyo c\u00f3modo y seguro\u00a0a la cabeza.\" \/>\n<meta name=\"robots\" content=\"index, follow, max-snippet:-1, max-image-preview:large, max-video-preview:-1\" \/>\n<link rel=\"canonical\" href=\"https:\/\/centrobebe.es\/en\/shop\/centrobebe\/el-viaje\/sillas-de-auto\/accesorios-sillas-auto\/sujeta-cabezas-coche-para-ninos-safety-rest\/\" \/>\n<meta property=\"og:locale\" content=\"en_GB\" \/>\n<meta property=\"og:type\" content=\"article\" \/>\n<meta property=\"og:title\" content=\"Sujeta Cabezas Coche para Ni\u00f1os Safety Rest - Centrobeb\u00e9\" \/>\n<meta property=\"og:description\" content=\"El sujeta cabezas para sillas de coche Safety Rest ha sido dise\u00f1ado especialmente para ofrecer un apoyo c\u00f3modo y seguro\u00a0a la cabeza.\" \/>\n<meta property=\"og:url\" content=\"https:\/\/centrobebe.es\/en\/shop\/centrobebe\/el-viaje\/sillas-de-auto\/accesorios-sillas-auto\/sujeta-cabezas-coche-para-ninos-safety-rest\/\" \/>\n<meta property=\"og:site_name\" content=\"Centrobeb\u00e9\" \/>\n<meta property=\"article:publisher\" content=\"https:\/\/www.facebook.com\/centrobebe\/\" \/>\n<meta property=\"article:modified_time\" content=\"2025-10-27T18:23:19+00:00\" \/>\n<meta property=\"og:image\" content=\"https:\/\/centrobebe.es\/wp-content\/uploads\/2025\/10\/sujeta-cabezas-coche.jpg\" \/>\n\t<meta property=\"og:image:width\" content=\"600\" \/>\n\t<meta property=\"og:image:height\" content=\"600\" \/>\n\t<meta property=\"og:image:type\" content=\"image\/jpeg\" \/>\n<meta name=\"twitter:card\" content=\"summary_large_image\" \/>\n<meta name=\"twitter:site\" content=\"@centrobebe\" \/>\n<meta name=\"twitter:label1\" content=\"Estimated reading time\" \/>\n\t<meta name=\"twitter:data1\" content=\"4 minutes\" \/>\n<script type=\"application\/ld+json\" class=\"yoast-schema-graph\">{\"@context\":\"https:\/\/schema.org\",\"@graph\":[{\"@type\":\"WebPage\",\"@id\":\"https:\/\/centrobebe.es\/shop\/centrobebe\/el-viaje\/sillas-de-auto\/accesorios-sillas-auto\/sujeta-cabezas-coche-para-ninos-safety-rest\/\",\"url\":\"https:\/\/centrobebe.es\/shop\/centrobebe\/el-viaje\/sillas-de-auto\/accesorios-sillas-auto\/sujeta-cabezas-coche-para-ninos-safety-rest\/\",\"name\":\"Sujeta Cabezas Coche para Ni\u00f1os Safety Rest - Centrobeb\u00e9\",\"isPartOf\":{\"@id\":\"https:\/\/centrobebe.es\/#website\"},\"primaryImageOfPage\":{\"@id\":\"https:\/\/centrobebe.es\/shop\/centrobebe\/el-viaje\/sillas-de-auto\/accesorios-sillas-auto\/sujeta-cabezas-coche-para-ninos-safety-rest\/#primaryimage\"},\"image\":{\"@id\":\"https:\/\/centrobebe.es\/shop\/centrobebe\/el-viaje\/sillas-de-auto\/accesorios-sillas-auto\/sujeta-cabezas-coche-para-ninos-safety-rest\/#primaryimage\"},\"thumbnailUrl\":\"https:\/\/centrobebe.es\/wp-content\/uploads\/2025\/10\/sujeta-cabezas-coche.jpg\",\"datePublished\":\"2025-10-27T18:06:36+00:00\",\"dateModified\":\"2025-10-27T18:23:19+00:00\",\"description\":\"El sujeta cabezas para sillas de coche Safety Rest ha sido dise\u00f1ado especialmente para ofrecer un apoyo c\u00f3modo y seguro\u00a0a la cabeza.\",\"breadcrumb\":{\"@id\":\"https:\/\/centrobebe.es\/shop\/centrobebe\/el-viaje\/sillas-de-auto\/accesorios-sillas-auto\/sujeta-cabezas-coche-para-ninos-safety-rest\/#breadcrumb\"},\"inLanguage\":\"en-GB\",\"potentialAction\":[{\"@type\":\"ReadAction\",\"target\":[\"https:\/\/centrobebe.es\/shop\/centrobebe\/el-viaje\/sillas-de-auto\/accesorios-sillas-auto\/sujeta-cabezas-coche-para-ninos-safety-rest\/\"]}]},{\"@type\":\"ImageObject\",\"inLanguage\":\"en-GB\",\"@id\":\"https:\/\/centrobebe.es\/shop\/centrobebe\/el-viaje\/sillas-de-auto\/accesorios-sillas-auto\/sujeta-cabezas-coche-para-ninos-safety-rest\/#primaryimage\",\"url\":\"https:\/\/centrobebe.es\/wp-content\/uploads\/2025\/10\/sujeta-cabezas-coche.jpg\",\"contentUrl\":\"https:\/\/centrobebe.es\/wp-content\/uploads\/2025\/10\/sujeta-cabezas-coche.jpg\",\"width\":600,\"height\":600,\"caption\":\"sujeta cabezas coche ni\u00f1os\"},{\"@type\":\"BreadcrumbList\",\"@id\":\"https:\/\/centrobebe.es\/shop\/centrobebe\/el-viaje\/sillas-de-auto\/accesorios-sillas-auto\/sujeta-cabezas-coche-para-ninos-safety-rest\/#breadcrumb\",\"itemListElement\":[{\"@type\":\"ListItem\",\"position\":1,\"name\":\"Portada\",\"item\":\"https:\/\/centrobebe.es\/\"},{\"@type\":\"ListItem\",\"position\":2,\"name\":\"Shop\",\"item\":\"https:\/\/centrobebe.es\/shop\/\"},{\"@type\":\"ListItem\",\"position\":3,\"name\":\"Sujeta Cabezas Coche para Ni\u00f1os Safety Rest\"}]},{\"@type\":\"WebSite\",\"@id\":\"https:\/\/centrobebe.es\/#website\",\"url\":\"https:\/\/centrobebe.es\/\",\"name\":\"Centrobeb\u00e9\",\"description\":\"Tienda de bebe online | Todo lo que tu bebe necesita\",\"publisher\":{\"@id\":\"https:\/\/centrobebe.es\/#organization\"},\"alternateName\":\"Centrobeb\u00e9\",\"potentialAction\":[{\"@type\":\"SearchAction\",\"target\":{\"@type\":\"EntryPoint\",\"urlTemplate\":\"https:\/\/centrobebe.es\/?s={search_term_string}\"},\"query-input\":{\"@type\":\"PropertyValueSpecification\",\"valueRequired\":true,\"valueName\":\"search_term_string\"}}],\"inLanguage\":\"en-GB\"},{\"@type\":\"Organization\",\"@id\":\"https:\/\/centrobebe.es\/#organization\",\"name\":\"Centrobebe\",\"alternateName\":\"Centrobebe\",\"url\":\"https:\/\/centrobebe.es\/\",\"logo\":{\"@type\":\"ImageObject\",\"inLanguage\":\"en-GB\",\"@id\":\"https:\/\/centrobebe.es\/#\/schema\/logo\/image\/\",\"url\":\"https:\/\/centrobebe.es\/wp-content\/uploads\/2018\/06\/icono3-e1557940133982.png\",\"contentUrl\":\"https:\/\/centrobebe.es\/wp-content\/uploads\/2018\/06\/icono3-e1557940133982.png\",\"width\":34,\"height\":29,\"caption\":\"Centrobebe\"},\"image\":{\"@id\":\"https:\/\/centrobebe.es\/#\/schema\/logo\/image\/\"},\"sameAs\":[\"https:\/\/www.facebook.com\/centrobebe\/\",\"https:\/\/x.com\/centrobebe\",\"https:\/\/www.instagram.com\/centrobebe.es\/\",\"https:\/\/www.youtube.com\/channel\/UCVU-jcFuwntnxOhxvSbf3hg\"]}]}<\/script>\n<!-- \/ Yoast SEO plugin. -->","yoast_head_json":{"title":"Sujeta Cabezas Coche para Ni\u00f1os Safety Rest - Centrobeb\u00e9","description":"El sujeta cabezas para sillas de coche Safety Rest ha sido dise\u00f1ado especialmente para ofrecer un apoyo c\u00f3modo y seguro\u00a0a la cabeza.","robots":{"index":"index","follow":"follow","max-snippet":"max-snippet:-1","max-image-preview":"max-image-preview:large","max-video-preview":"max-video-preview:-1"},"canonical":"https:\/\/centrobebe.es\/en\/shop\/centrobebe\/el-viaje\/sillas-de-auto\/accesorios-sillas-auto\/sujeta-cabezas-coche-para-ninos-safety-rest\/","og_locale":"en_GB","og_type":"article","og_title":"Sujeta Cabezas Coche para Ni\u00f1os Safety Rest - Centrobeb\u00e9","og_description":"El sujeta cabezas para sillas de coche Safety Rest ha sido dise\u00f1ado especialmente para ofrecer un apoyo c\u00f3modo y seguro\u00a0a la cabeza.","og_url":"https:\/\/centrobebe.es\/en\/shop\/centrobebe\/el-viaje\/sillas-de-auto\/accesorios-sillas-auto\/sujeta-cabezas-coche-para-ninos-safety-rest\/","og_site_name":"Centrobeb\u00e9","article_publisher":"https:\/\/www.facebook.com\/centrobebe\/","article_modified_time":"2025-10-27T18:23:19+00:00","og_image":[{"width":600,"height":600,"url":"https:\/\/centrobebe.es\/wp-content\/uploads\/2025\/10\/sujeta-cabezas-coche.jpg","type":"image\/jpeg"}],"twitter_card":"summary_large_image","twitter_site":"@centrobebe","twitter_misc":{"Estimated reading time":"4 minutes"},"schema":{"@context":"https:\/\/schema.org","@graph":[{"@type":"WebPage","@id":"https:\/\/centrobebe.es\/shop\/centrobebe\/el-viaje\/sillas-de-auto\/accesorios-sillas-auto\/sujeta-cabezas-coche-para-ninos-safety-rest\/","url":"https:\/\/centrobebe.es\/shop\/centrobebe\/el-viaje\/sillas-de-auto\/accesorios-sillas-auto\/sujeta-cabezas-coche-para-ninos-safety-rest\/","name":"Sujeta Cabezas Coche para Ni\u00f1os Safety Rest - Centrobeb\u00e9","isPartOf":{"@id":"https:\/\/centrobebe.es\/#website"},"primaryImageOfPage":{"@id":"https:\/\/centrobebe.es\/shop\/centrobebe\/el-viaje\/sillas-de-auto\/accesorios-sillas-auto\/sujeta-cabezas-coche-para-ninos-safety-rest\/#primaryimage"},"image":{"@id":"https:\/\/centrobebe.es\/shop\/centrobebe\/el-viaje\/sillas-de-auto\/accesorios-sillas-auto\/sujeta-cabezas-coche-para-ninos-safety-rest\/#primaryimage"},"thumbnailUrl":"https:\/\/centrobebe.es\/wp-content\/uploads\/2025\/10\/sujeta-cabezas-coche.jpg","datePublished":"2025-10-27T18:06:36+00:00","dateModified":"2025-10-27T18:23:19+00:00","description":"El sujeta cabezas para sillas de coche Safety Rest ha sido dise\u00f1ado especialmente para ofrecer un apoyo c\u00f3modo y seguro\u00a0a la cabeza.","breadcrumb":{"@id":"https:\/\/centrobebe.es\/shop\/centrobebe\/el-viaje\/sillas-de-auto\/accesorios-sillas-auto\/sujeta-cabezas-coche-para-ninos-safety-rest\/#breadcrumb"},"inLanguage":"en-GB","potentialAction":[{"@type":"ReadAction","target":["https:\/\/centrobebe.es\/shop\/centrobebe\/el-viaje\/sillas-de-auto\/accesorios-sillas-auto\/sujeta-cabezas-coche-para-ninos-safety-rest\/"]}]},{"@type":"ImageObject","inLanguage":"en-GB","@id":"https:\/\/centrobebe.es\/shop\/centrobebe\/el-viaje\/sillas-de-auto\/accesorios-sillas-auto\/sujeta-cabezas-coche-para-ninos-safety-rest\/#primaryimage","url":"https:\/\/centrobebe.es\/wp-content\/uploads\/2025\/10\/sujeta-cabezas-coche.jpg","contentUrl":"https:\/\/centrobebe.es\/wp-content\/uploads\/2025\/10\/sujeta-cabezas-coche.jpg","width":600,"height":600,"caption":"sujeta cabezas coche ni\u00f1os"},{"@type":"BreadcrumbList","@id":"https:\/\/centrobebe.es\/shop\/centrobebe\/el-viaje\/sillas-de-auto\/accesorios-sillas-auto\/sujeta-cabezas-coche-para-ninos-safety-rest\/#breadcrumb","itemListElement":[{"@type":"ListItem","position":1,"name":"Portada","item":"https:\/\/centrobebe.es\/"},{"@type":"ListItem","position":2,"name":"Shop","item":"https:\/\/centrobebe.es\/shop\/"},{"@type":"ListItem","position":3,"name":"Sujeta Cabezas Coche para Ni\u00f1os Safety Rest"}]},{"@type":"WebSite","@id":"https:\/\/centrobebe.es\/#website","url":"https:\/\/centrobebe.es\/","name":"Centrobeb\u00e9","description":"Tienda de bebe online | Todo lo que tu bebe necesita","publisher":{"@id":"https:\/\/centrobebe.es\/#organization"},"alternateName":"Centrobeb\u00e9","potentialAction":[{"@type":"SearchAction","target":{"@type":"EntryPoint","urlTemplate":"https:\/\/centrobebe.es\/?s={search_term_string}"},"query-input":{"@type":"PropertyValueSpecification","valueRequired":true,"valueName":"search_term_string"}}],"inLanguage":"en-GB"},{"@type":"Organization","@id":"https:\/\/centrobebe.es\/#organization","name":"Centrobebe","alternateName":"Centrobebe","url":"https:\/\/centrobebe.es\/","logo":{"@type":"ImageObject","inLanguage":"en-GB","@id":"https:\/\/centrobebe.es\/#\/schema\/logo\/image\/","url":"https:\/\/centrobebe.es\/wp-content\/uploads\/2018\/06\/icono3-e1557940133982.png","contentUrl":"https:\/\/centrobebe.es\/wp-content\/uploads\/2018\/06\/icono3-e1557940133982.png","width":34,"height":29,"caption":"Centrobebe"},"image":{"@id":"https:\/\/centrobebe.es\/#\/schema\/logo\/image\/"},"sameAs":["https:\/\/www.facebook.com\/centrobebe\/","https:\/\/x.com\/centrobebe","https:\/\/www.instagram.com\/centrobebe.es\/","https:\/\/www.youtube.com\/channel\/UCVU-jcFuwntnxOhxvSbf3hg"]}]}},"brands":[{"id":647,"name":"Quiavolo","slug":"quiavolo"}],"_links":{"self":[{"href":"https:\/\/centrobebe.es\/en\/wp-json\/wp\/v2\/product\/56710","targetHints":{"allow":["GET"]}}],"collection":[{"href":"https:\/\/centrobebe.es\/en\/wp-json\/wp\/v2\/product"}],"about":[{"href":"https:\/\/centrobebe.es\/en\/wp-json\/wp\/v2\/types\/product"}],"version-history":[{"count":2,"href":"https:\/\/centrobebe.es\/en\/wp-json\/wp\/v2\/product\/56710\/revisions"}],"predecessor-version":[{"id":56717,"href":"https:\/\/centrobebe.es\/en\/wp-json\/wp\/v2\/product\/56710\/revisions\/56717"}],"wp:featuredmedia":[{"embeddable":true,"href":"https:\/\/centrobebe.es\/en\/wp-json\/wp\/v2\/media\/56713"}],"wp:attachment":[{"href":"https:\/\/centrobebe.es\/en\/wp-json\/wp\/v2\/media?parent=56710"}],"wp:term":[{"taxonomy":"pwb-brand","embeddable":true,"href":"https:\/\/centrobebe.es\/en\/wp-json\/wp\/v2\/pwb-brand?post=56710"},{"taxonomy":"product_cat","embeddable":true,"href":"https:\/\/centrobebe.es\/en\/wp-json\/wp\/v2\/product_cat?post=56710"},{"taxonomy":"product_tag","embeddable":true,"href":"https:\/\/centrobebe.es\/en\/wp-json\/wp\/v2\/product_tag?post=56710"}],"curies":[{"name":"wp","href":"https:\/\/api.w.org\/{rel}","templated":true}]}}