{"id":57210,"date":"2025-11-27T19:10:26","date_gmt":"2025-11-27T19:10:26","guid":{"rendered":"https:\/\/centrobebe.es\/?post_type=product&#038;p=57210"},"modified":"2025-11-27T19:17:36","modified_gmt":"2025-11-27T19:17:36","slug":"pack-cochecito-be-cool-kombo","status":"publish","type":"product","link":"https:\/\/centrobebe.es\/en\/shop\/centrobebe\/cochecitos-y-sillas-de-paseo-de-bebe\/cochecitos-bebe\/cochecitos-dos-piezas\/pack-cochecito-be-cool-kombo\/","title":{"rendered":"PACK Cochecito Be Cool Kombo Duo + Ba\u00f1era Plagable con term\u00f3metro + Minicuna (REGALO VESTIDURAS)"},"content":{"rendered":"<h1>PACK Cochecito Be Cool Kombo Duo + Ba\u00f1era + Minicuna (REGALO VESTIDURAS)<\/h1>\n<div>\n<p>Man\u00edfico Combo compuesto por el cochecito Kombo en dos piezas mas ba\u00f1era plegable y minicuna colecho, adem\u00e1s regalo de las vestiduras de la minicuna.<\/p>\n<p>El cochecito Kombo es perfecto desde el nacimiento para combinar con capazo Kombo Cot. Apto desde el nacimiento hasta los 22 kg , es muy practico y c\u00f3modo gracias a su plegado autom\u00e1tico con una sola mano desde el respaldo de la silla, pudiendo hacerlo con la hamaca instalada en ambas direcciones.<\/p>\n<h2>Caracteristicas:<\/h2>\n<p>Capota extensible con visera<\/p>\n<p>Manillar y protector (extraible) de polipiel<\/p>\n<p>Manillar regulable en altura<\/p>\n<p>Gran cestilla portaobjetos de 38 litros<\/p>\n<p>Reclinado en 3 posiciones<\/p>\n<p>Arn\u00e9s de 5 puntos<\/p>\n<p>Asa que facilita el transporte una vez plegado<\/p>\n<p>Suspensi\u00f3n en las cuatro ruedas<\/p>\n<p>Ruedas extraibles de 24 cm y 16,5 cm de di\u00e1metro<\/p>\n<p>Reposapies regulable<\/p>\n<h2>Medidas<\/h2>\n<p>Abierta 88\/110 x 74\/90 x 58 cm.<\/p>\n<p>Cerrada 60 x 38 x 58 cm.<\/p>\n<p>Peso: 8,8 kg<\/p>\n<h2>Capazo KOMBO Cot<\/h2>\n<p>El capazo rigido para disfrutar de los primeros paseos con la tranquilidad de que el beb\u00e9 descansa c\u00f3modamente y va bien protegido. Se adapta f\u00e1cimente al chasis,<\/p>\n<p>dispone de colch\u00f3n regulable en 3 alturas desde el exterior, aireaci\u00f3n en la parte inferior y cuenta tambi\u00e9n con una pr\u00e1ctica asa de transporte.<\/p>\n<p>Caracteristicas:<\/p>\n<p>Capota pelgable<\/p>\n<p>Colch\u00f3n reclinable en 3 alturas<\/p>\n<p>Cubrepies extraible<\/p>\n<p>Dispone de asa transporte<\/p>\n<p>Base dura, estable y transpirable.<\/p>\n<p>Medidas:<\/p>\n<p>Abierto 57x45x77 cm<\/p>\n<p>Cerrado 23x45x83 cm<\/p>\n<p>Peso: 3,8 kg<\/p>\n<h2>Grupo 0 Travel Carrier (opcional)<\/h2>\n<p>Instalaci\u00f3n del portabeb\u00e9s siempre en sentido contrario a la marcha<\/p>\n<p>Asa multiposici\u00f3n que permite mover el portabeb\u00e9 sin despertar al beb\u00e9.<\/p>\n<p>Uso desde el nacimiento<\/p>\n<p>El portabeb\u00e9s Travel Carrier est\u00e1 homologado bajo la normativa I-Size R-129 y se puede utilizar tanto como sistema de ret\u00e9nci\u00f3n infantil dentro del coche<\/p>\n<p>instalado a contramarcha con o sin base, y al mismo tiempo es compatible con los chasis de las sillas Urban Walk.<\/p>\n<div><\/div>\n<div>En Centrobebe disponemos de una amplia variedad de <a href=\"https:\/\/centrobebe.es\/en\/product-category\/centrobebe\/cochecitos-y-sillas-de-paseo-de-bebe\/sillas-de-paseo-ligeras-baratas\/\">sillas de paseo<\/a> baratas de las principales marcas del mercado que garantizan la calidad y la asistencia t\u00e9cnica ante cualquier incidencia. Encuentra la m\u00e1s acorde con tus necesidades.<\/div>\n<div><\/div>\n<p>Si necesitas m\u00e1s informaci\u00f3n sobre los productos para beb\u00e9s, no dudes en ponerte en contacto con nuestro equipo de profesionales. Estaremos encantados de ayudarte y aconsejarte sobre los beneficios que te aporta cada producto.<\/p>\n<\/div>","protected":false},"excerpt":{"rendered":"<p>Man\u00edfico Combo compuesto por el cochecito Kombo en dos piezas mas ba\u00f1era plegable y minicuna colecho, adem\u00e1s regalo de las vestiduras de la minicuna.<\/p>","protected":false},"featured_media":57216,"template":"","meta":[],"pwb-brand":[394],"product_cat":[585],"product_tag":[],"class_list":{"0":"post-57210","1":"product","2":"type-product","3":"status-publish","4":"has-post-thumbnail","6":"pwb-brand-be-cool","7":"product_cat-cochecitos-dos-piezas","8":"pa_color-beige","9":"pa_color-gris","10":"pa_color-verde-oliva","11":"tm-has-options","13":"first","14":"instock","15":"sale","16":"taxable","17":"shipping-taxable","18":"purchasable","19":"product-type-variable","20":"wvs-archive-product-wrapper"},"yoast_head":"<!-- This site is optimized with the Yoast SEO plugin v26.9 - https:\/\/yoast.com\/product\/yoast-seo-wordpress\/ -->\n<title>Carrito de Bebe Be Cool Kombo - Coches de Bebe - Centrobeb\u00e9<\/title>\n<meta name=\"description\" content=\"Be Cool Kombo, muy c\u00f3modo y f\u00e1cil de plegar con una sola mano incluso con la hamaca instalada. Compra online al mejor precio y fin\u00e1nciala\" \/>\n<meta name=\"robots\" content=\"index, follow, max-snippet:-1, max-image-preview:large, max-video-preview:-1\" \/>\n<link rel=\"canonical\" href=\"https:\/\/centrobebe.es\/en\/shop\/centrobebe\/cochecitos-y-sillas-de-paseo-de-bebe\/cochecitos-bebe\/cochecitos-dos-piezas\/pack-cochecito-be-cool-kombo\/\" \/>\n<meta property=\"og:locale\" content=\"en_GB\" \/>\n<meta property=\"og:type\" content=\"article\" \/>\n<meta property=\"og:title\" content=\"Carrito de Bebe Be Cool Kombo - Coches de Bebe - Centrobeb\u00e9\" \/>\n<meta property=\"og:description\" content=\"Be Cool Kombo, muy c\u00f3modo y f\u00e1cil de plegar con una sola mano incluso con la hamaca instalada. Compra online al mejor precio y fin\u00e1nciala\" \/>\n<meta property=\"og:url\" content=\"https:\/\/centrobebe.es\/en\/shop\/centrobebe\/cochecitos-y-sillas-de-paseo-de-bebe\/cochecitos-bebe\/cochecitos-dos-piezas\/pack-cochecito-be-cool-kombo\/\" \/>\n<meta property=\"og:site_name\" content=\"Centrobeb\u00e9\" \/>\n<meta property=\"article:publisher\" content=\"https:\/\/www.facebook.com\/centrobebe\/\" \/>\n<meta property=\"article:modified_time\" content=\"2025-11-27T19:17:36+00:00\" \/>\n<meta property=\"og:image\" content=\"https:\/\/centrobebe.es\/wp-content\/uploads\/2025\/11\/Ofertas-Articulos-9.png\" \/>\n\t<meta property=\"og:image:width\" content=\"800\" \/>\n\t<meta property=\"og:image:height\" content=\"800\" \/>\n\t<meta property=\"og:image:type\" content=\"image\/png\" \/>\n<meta name=\"twitter:card\" content=\"summary_large_image\" \/>\n<meta name=\"twitter:site\" content=\"@centrobebe\" \/>\n<meta name=\"twitter:label1\" content=\"Estimated reading time\" \/>\n\t<meta name=\"twitter:data1\" content=\"2 minutes\" \/>\n<script type=\"application\/ld+json\" class=\"yoast-schema-graph\">{\"@context\":\"https:\/\/schema.org\",\"@graph\":[{\"@type\":\"WebPage\",\"@id\":\"https:\/\/centrobebe.es\/shop\/centrobebe\/cochecitos-y-sillas-de-paseo-de-bebe\/cochecitos-bebe\/cochecitos-dos-piezas\/pack-cochecito-be-cool-kombo\/\",\"url\":\"https:\/\/centrobebe.es\/shop\/centrobebe\/cochecitos-y-sillas-de-paseo-de-bebe\/cochecitos-bebe\/cochecitos-dos-piezas\/pack-cochecito-be-cool-kombo\/\",\"name\":\"Carrito de Bebe Be Cool Kombo - Coches de Bebe - Centrobeb\u00e9\",\"isPartOf\":{\"@id\":\"https:\/\/centrobebe.es\/#website\"},\"primaryImageOfPage\":{\"@id\":\"https:\/\/centrobebe.es\/shop\/centrobebe\/cochecitos-y-sillas-de-paseo-de-bebe\/cochecitos-bebe\/cochecitos-dos-piezas\/pack-cochecito-be-cool-kombo\/#primaryimage\"},\"image\":{\"@id\":\"https:\/\/centrobebe.es\/shop\/centrobebe\/cochecitos-y-sillas-de-paseo-de-bebe\/cochecitos-bebe\/cochecitos-dos-piezas\/pack-cochecito-be-cool-kombo\/#primaryimage\"},\"thumbnailUrl\":\"https:\/\/centrobebe.es\/wp-content\/uploads\/2025\/11\/Ofertas-Articulos-9.png\",\"datePublished\":\"2025-11-27T19:10:26+00:00\",\"dateModified\":\"2025-11-27T19:17:36+00:00\",\"description\":\"Be Cool Kombo, muy c\u00f3modo y f\u00e1cil de plegar con una sola mano incluso con la hamaca instalada. Compra online al mejor precio y fin\u00e1nciala\",\"breadcrumb\":{\"@id\":\"https:\/\/centrobebe.es\/shop\/centrobebe\/cochecitos-y-sillas-de-paseo-de-bebe\/cochecitos-bebe\/cochecitos-dos-piezas\/pack-cochecito-be-cool-kombo\/#breadcrumb\"},\"inLanguage\":\"en-GB\",\"potentialAction\":[{\"@type\":\"ReadAction\",\"target\":[\"https:\/\/centrobebe.es\/shop\/centrobebe\/cochecitos-y-sillas-de-paseo-de-bebe\/cochecitos-bebe\/cochecitos-dos-piezas\/pack-cochecito-be-cool-kombo\/\"]}]},{\"@type\":\"ImageObject\",\"inLanguage\":\"en-GB\",\"@id\":\"https:\/\/centrobebe.es\/shop\/centrobebe\/cochecitos-y-sillas-de-paseo-de-bebe\/cochecitos-bebe\/cochecitos-dos-piezas\/pack-cochecito-be-cool-kombo\/#primaryimage\",\"url\":\"https:\/\/centrobebe.es\/wp-content\/uploads\/2025\/11\/Ofertas-Articulos-9.png\",\"contentUrl\":\"https:\/\/centrobebe.es\/wp-content\/uploads\/2025\/11\/Ofertas-Articulos-9.png\",\"width\":800,\"height\":800,\"caption\":\"PACK BE COOL KOMBO\"},{\"@type\":\"BreadcrumbList\",\"@id\":\"https:\/\/centrobebe.es\/shop\/centrobebe\/cochecitos-y-sillas-de-paseo-de-bebe\/cochecitos-bebe\/cochecitos-dos-piezas\/pack-cochecito-be-cool-kombo\/#breadcrumb\",\"itemListElement\":[{\"@type\":\"ListItem\",\"position\":1,\"name\":\"Portada\",\"item\":\"https:\/\/centrobebe.es\/\"},{\"@type\":\"ListItem\",\"position\":2,\"name\":\"Shop\",\"item\":\"https:\/\/centrobebe.es\/shop\/\"},{\"@type\":\"ListItem\",\"position\":3,\"name\":\"PACK Cochecito Be Cool Kombo Duo + Ba\u00f1era Plagable con term\u00f3metro + Minicuna (REGALO VESTIDURAS)\"}]},{\"@type\":\"WebSite\",\"@id\":\"https:\/\/centrobebe.es\/#website\",\"url\":\"https:\/\/centrobebe.es\/\",\"name\":\"Centrobeb\u00e9\",\"description\":\"Tienda de bebe online | Todo lo que tu bebe necesita\",\"publisher\":{\"@id\":\"https:\/\/centrobebe.es\/#organization\"},\"alternateName\":\"Centrobeb\u00e9\",\"potentialAction\":[{\"@type\":\"SearchAction\",\"target\":{\"@type\":\"EntryPoint\",\"urlTemplate\":\"https:\/\/centrobebe.es\/?s={search_term_string}\"},\"query-input\":{\"@type\":\"PropertyValueSpecification\",\"valueRequired\":true,\"valueName\":\"search_term_string\"}}],\"inLanguage\":\"en-GB\"},{\"@type\":\"Organization\",\"@id\":\"https:\/\/centrobebe.es\/#organization\",\"name\":\"Centrobebe\",\"alternateName\":\"Centrobebe\",\"url\":\"https:\/\/centrobebe.es\/\",\"logo\":{\"@type\":\"ImageObject\",\"inLanguage\":\"en-GB\",\"@id\":\"https:\/\/centrobebe.es\/#\/schema\/logo\/image\/\",\"url\":\"https:\/\/centrobebe.es\/wp-content\/uploads\/2018\/06\/icono3-e1557940133982.png\",\"contentUrl\":\"https:\/\/centrobebe.es\/wp-content\/uploads\/2018\/06\/icono3-e1557940133982.png\",\"width\":34,\"height\":29,\"caption\":\"Centrobebe\"},\"image\":{\"@id\":\"https:\/\/centrobebe.es\/#\/schema\/logo\/image\/\"},\"sameAs\":[\"https:\/\/www.facebook.com\/centrobebe\/\",\"https:\/\/x.com\/centrobebe\",\"https:\/\/www.instagram.com\/centrobebe.es\/\",\"https:\/\/www.youtube.com\/channel\/UCVU-jcFuwntnxOhxvSbf3hg\"]}]}<\/script>\n<!-- \/ Yoast SEO plugin. -->","yoast_head_json":{"title":"Carrito de Bebe Be Cool Kombo - Coches de Bebe - Centrobeb\u00e9","description":"Be Cool Kombo, muy c\u00f3modo y f\u00e1cil de plegar con una sola mano incluso con la hamaca instalada. Compra online al mejor precio y fin\u00e1nciala","robots":{"index":"index","follow":"follow","max-snippet":"max-snippet:-1","max-image-preview":"max-image-preview:large","max-video-preview":"max-video-preview:-1"},"canonical":"https:\/\/centrobebe.es\/en\/shop\/centrobebe\/cochecitos-y-sillas-de-paseo-de-bebe\/cochecitos-bebe\/cochecitos-dos-piezas\/pack-cochecito-be-cool-kombo\/","og_locale":"en_GB","og_type":"article","og_title":"Carrito de Bebe Be Cool Kombo - Coches de Bebe - Centrobeb\u00e9","og_description":"Be Cool Kombo, muy c\u00f3modo y f\u00e1cil de plegar con una sola mano incluso con la hamaca instalada. Compra online al mejor precio y fin\u00e1nciala","og_url":"https:\/\/centrobebe.es\/en\/shop\/centrobebe\/cochecitos-y-sillas-de-paseo-de-bebe\/cochecitos-bebe\/cochecitos-dos-piezas\/pack-cochecito-be-cool-kombo\/","og_site_name":"Centrobeb\u00e9","article_publisher":"https:\/\/www.facebook.com\/centrobebe\/","article_modified_time":"2025-11-27T19:17:36+00:00","og_image":[{"width":800,"height":800,"url":"https:\/\/centrobebe.es\/wp-content\/uploads\/2025\/11\/Ofertas-Articulos-9.png","type":"image\/png"}],"twitter_card":"summary_large_image","twitter_site":"@centrobebe","twitter_misc":{"Estimated reading time":"2 minutes"},"schema":{"@context":"https:\/\/schema.org","@graph":[{"@type":"WebPage","@id":"https:\/\/centrobebe.es\/shop\/centrobebe\/cochecitos-y-sillas-de-paseo-de-bebe\/cochecitos-bebe\/cochecitos-dos-piezas\/pack-cochecito-be-cool-kombo\/","url":"https:\/\/centrobebe.es\/shop\/centrobebe\/cochecitos-y-sillas-de-paseo-de-bebe\/cochecitos-bebe\/cochecitos-dos-piezas\/pack-cochecito-be-cool-kombo\/","name":"Carrito de Bebe Be Cool Kombo - Coches de Bebe - Centrobeb\u00e9","isPartOf":{"@id":"https:\/\/centrobebe.es\/#website"},"primaryImageOfPage":{"@id":"https:\/\/centrobebe.es\/shop\/centrobebe\/cochecitos-y-sillas-de-paseo-de-bebe\/cochecitos-bebe\/cochecitos-dos-piezas\/pack-cochecito-be-cool-kombo\/#primaryimage"},"image":{"@id":"https:\/\/centrobebe.es\/shop\/centrobebe\/cochecitos-y-sillas-de-paseo-de-bebe\/cochecitos-bebe\/cochecitos-dos-piezas\/pack-cochecito-be-cool-kombo\/#primaryimage"},"thumbnailUrl":"https:\/\/centrobebe.es\/wp-content\/uploads\/2025\/11\/Ofertas-Articulos-9.png","datePublished":"2025-11-27T19:10:26+00:00","dateModified":"2025-11-27T19:17:36+00:00","description":"Be Cool Kombo, muy c\u00f3modo y f\u00e1cil de plegar con una sola mano incluso con la hamaca instalada. Compra online al mejor precio y fin\u00e1nciala","breadcrumb":{"@id":"https:\/\/centrobebe.es\/shop\/centrobebe\/cochecitos-y-sillas-de-paseo-de-bebe\/cochecitos-bebe\/cochecitos-dos-piezas\/pack-cochecito-be-cool-kombo\/#breadcrumb"},"inLanguage":"en-GB","potentialAction":[{"@type":"ReadAction","target":["https:\/\/centrobebe.es\/shop\/centrobebe\/cochecitos-y-sillas-de-paseo-de-bebe\/cochecitos-bebe\/cochecitos-dos-piezas\/pack-cochecito-be-cool-kombo\/"]}]},{"@type":"ImageObject","inLanguage":"en-GB","@id":"https:\/\/centrobebe.es\/shop\/centrobebe\/cochecitos-y-sillas-de-paseo-de-bebe\/cochecitos-bebe\/cochecitos-dos-piezas\/pack-cochecito-be-cool-kombo\/#primaryimage","url":"https:\/\/centrobebe.es\/wp-content\/uploads\/2025\/11\/Ofertas-Articulos-9.png","contentUrl":"https:\/\/centrobebe.es\/wp-content\/uploads\/2025\/11\/Ofertas-Articulos-9.png","width":800,"height":800,"caption":"PACK BE COOL KOMBO"},{"@type":"BreadcrumbList","@id":"https:\/\/centrobebe.es\/shop\/centrobebe\/cochecitos-y-sillas-de-paseo-de-bebe\/cochecitos-bebe\/cochecitos-dos-piezas\/pack-cochecito-be-cool-kombo\/#breadcrumb","itemListElement":[{"@type":"ListItem","position":1,"name":"Portada","item":"https:\/\/centrobebe.es\/"},{"@type":"ListItem","position":2,"name":"Shop","item":"https:\/\/centrobebe.es\/shop\/"},{"@type":"ListItem","position":3,"name":"PACK Cochecito Be Cool Kombo Duo + Ba\u00f1era Plagable con term\u00f3metro + Minicuna (REGALO VESTIDURAS)"}]},{"@type":"WebSite","@id":"https:\/\/centrobebe.es\/#website","url":"https:\/\/centrobebe.es\/","name":"Centrobeb\u00e9","description":"Tienda de bebe online | Todo lo que tu bebe necesita","publisher":{"@id":"https:\/\/centrobebe.es\/#organization"},"alternateName":"Centrobeb\u00e9","potentialAction":[{"@type":"SearchAction","target":{"@type":"EntryPoint","urlTemplate":"https:\/\/centrobebe.es\/?s={search_term_string}"},"query-input":{"@type":"PropertyValueSpecification","valueRequired":true,"valueName":"search_term_string"}}],"inLanguage":"en-GB"},{"@type":"Organization","@id":"https:\/\/centrobebe.es\/#organization","name":"Centrobebe","alternateName":"Centrobebe","url":"https:\/\/centrobebe.es\/","logo":{"@type":"ImageObject","inLanguage":"en-GB","@id":"https:\/\/centrobebe.es\/#\/schema\/logo\/image\/","url":"https:\/\/centrobebe.es\/wp-content\/uploads\/2018\/06\/icono3-e1557940133982.png","contentUrl":"https:\/\/centrobebe.es\/wp-content\/uploads\/2018\/06\/icono3-e1557940133982.png","width":34,"height":29,"caption":"Centrobebe"},"image":{"@id":"https:\/\/centrobebe.es\/#\/schema\/logo\/image\/"},"sameAs":["https:\/\/www.facebook.com\/centrobebe\/","https:\/\/x.com\/centrobebe","https:\/\/www.instagram.com\/centrobebe.es\/","https:\/\/www.youtube.com\/channel\/UCVU-jcFuwntnxOhxvSbf3hg"]}]}},"brands":[{"id":394,"name":"Be Cool","slug":"be-cool"}],"_links":{"self":[{"href":"https:\/\/centrobebe.es\/en\/wp-json\/wp\/v2\/product\/57210","targetHints":{"allow":["GET"]}}],"collection":[{"href":"https:\/\/centrobebe.es\/en\/wp-json\/wp\/v2\/product"}],"about":[{"href":"https:\/\/centrobebe.es\/en\/wp-json\/wp\/v2\/types\/product"}],"version-history":[{"count":2,"href":"https:\/\/centrobebe.es\/en\/wp-json\/wp\/v2\/product\/57210\/revisions"}],"predecessor-version":[{"id":57215,"href":"https:\/\/centrobebe.es\/en\/wp-json\/wp\/v2\/product\/57210\/revisions\/57215"}],"wp:featuredmedia":[{"embeddable":true,"href":"https:\/\/centrobebe.es\/en\/wp-json\/wp\/v2\/media\/57216"}],"wp:attachment":[{"href":"https:\/\/centrobebe.es\/en\/wp-json\/wp\/v2\/media?parent=57210"}],"wp:term":[{"taxonomy":"pwb-brand","embeddable":true,"href":"https:\/\/centrobebe.es\/en\/wp-json\/wp\/v2\/pwb-brand?post=57210"},{"taxonomy":"product_cat","embeddable":true,"href":"https:\/\/centrobebe.es\/en\/wp-json\/wp\/v2\/product_cat?post=57210"},{"taxonomy":"product_tag","embeddable":true,"href":"https:\/\/centrobebe.es\/en\/wp-json\/wp\/v2\/product_tag?post=57210"}],"curies":[{"name":"wp","href":"https:\/\/api.w.org\/{rel}","templated":true}]}}