{"id":6754,"date":"2018-05-28T19:04:11","date_gmt":"2018-05-28T19:04:11","guid":{"rendered":"http:\/\/s2.innovacor.es\/centrobebe.es\/?post_type=product&#038;p=6754"},"modified":"2023-01-03T13:12:48","modified_gmt":"2023-01-03T13:12:48","slug":"calientabiberon-jane-casa-coche-0m","status":"publish","type":"product","link":"https:\/\/centrobebe.es\/en\/shop\/centrobebe\/alimentacion\/calienta-biberones\/calientabiberon-jane-casa-coche-0m\/","title":{"rendered":"Calienta Biber\u00f3n Jane Casa \/ Coche 0m+"},"content":{"rendered":"<h1>Calienta Biberones Jane<\/h1>\n<div><\/div>\n<div>Calienta Biberones Jane, ideal para utilizar en casa o en el coche. El calienta biberones Jane funciona mediante vapor con todo tipo de biberones, standard y de boca ancha. Adem\u00e1s, incorpora adaptador para el coche, para que puedas calentar el biber\u00f3n de tu beb\u00e9 mientras realiz\u00e1is un viaje largo.<\/div>\n<h2>Ventajas Calienta Biberos Jane<\/h2>\n<ul>\n<li>Calienta todo tipo de biberones est\u00e1ndar y boca ancha.<\/li>\n<li>Desconexi\u00f3n autom\u00e1tica y aviso ac\u00fastico al finalizar el ciclo de calentamiento.<\/li>\n<li>Incluye una pr\u00e1ctica cestilla porta-potitos y un aro reductor.<\/li>\n<li>Antes del primer uso, leer atentamente las instrucciones y advertencias.<\/li>\n<li>Garant\u00eda 2 a\u00f1os.<\/li>\n<\/ul>\n<h2>Sus componentes son<\/h2>\n<ul>\n<li>Encendido<\/li>\n<li>Indicador luminoso de funcionamiento<\/li>\n<li>Cesta con asa<\/li>\n<li>Aro reductor<\/li>\n<li>Dosificador de agua<\/li>\n<li>C\u00e1mara de calentamiento<\/li>\n<li>Incluye adaptador para conexion al coche (12 V)<\/li>\n<\/ul>\n<p>El Calienta biberones Jane tarda en calentar unos 3-4 minutos dependiendo del volumen a calentar, pero siempre no m\u00e1s de 3 minutos. Adem\u00e1s de los biberones, podr\u00e1s calentar los potitos, que siempre tardar\u00e1n m\u00e1s que los biberones porque depende mucho del tipo de comida que se est\u00e9 calentando (verdura, pesado, carne) y de la densidad o textura de potito.<\/p>\n<p>Descubre en el cat\u00e1logo de Centrobeb\u00e9 la variedad de <strong><a href=\"https:\/\/centrobebe.es\/en\/product-category\/centrobebe\/alimentacion\/calienta-biberones\/\">calienta biberones<\/a><\/strong> de las mejores marcas al mejor precio. Nuestra selecci\u00f3n de productos esta basada en las opiniones de nuestros clientes. Desde productos de beb\u00e9 baratos, hasta los m\u00e1s exclusivos y con la \u00faltima tecnolog\u00eda.<\/p>\n<p>Compra online todo lo que necesitas para ti y tu beb\u00e9 en nuestra tienda de beb\u00e9 online. \u00bfA qu\u00e9 esperas?<\/p>","protected":false},"excerpt":{"rendered":"<p>Calienta Biberones Jane, para utilizar en casa o en el coche. Calienta biberones que funciona mediante vapor. Para todo tipo de biberones: standard y boca ancha.<\/p>\n<p>Compra online al mejor precio tu calienta biberones en Centrobeb\u00e9.<\/p>","protected":false},"featured_media":6755,"template":"","meta":[],"pwb-brand":[385],"product_cat":[123,137,130],"product_tag":[],"class_list":{"0":"post-6754","1":"product","2":"type-product","3":"status-publish","4":"has-post-thumbnail","6":"pwb-brand-jane","7":"product_cat-alimentacion","8":"product_cat-calienta-biberones","9":"product_cat-electronica","10":"tm-no-options","12":"first","13":"instock","14":"taxable","15":"shipping-taxable","16":"purchasable","17":"product-type-simple"},"yoast_head":"<!-- This site is optimized with the Yoast SEO plugin v27.5 - https:\/\/yoast.com\/product\/yoast-seo-wordpress\/ -->\n<title>Calienta Biberones Jane para Casa o Coche - Compra online - Centrobeb\u00e9<\/title>\n<meta name=\"description\" content=\"Calienta Biberones Jane, para utilizar en casa o en el coche. Calienta biberones que funciona mediante vapor. Todo tipo de biberones: standard y boca ancha.\" \/>\n<meta name=\"robots\" content=\"index, follow, max-snippet:-1, max-image-preview:large, max-video-preview:-1\" \/>\n<link rel=\"canonical\" href=\"https:\/\/centrobebe.es\/en\/shop\/centrobebe\/alimentacion\/calienta-biberones\/calientabiberon-jane-casa-coche-0m\/\" \/>\n<meta property=\"og:locale\" content=\"en_GB\" \/>\n<meta property=\"og:type\" content=\"article\" \/>\n<meta property=\"og:title\" content=\"Calienta Biberones Jane para Casa o Coche - Compra online - Centrobeb\u00e9\" \/>\n<meta property=\"og:description\" content=\"Calienta Biberones Jane, para utilizar en casa o en el coche. Calienta biberones que funciona mediante vapor. Todo tipo de biberones: standard y boca ancha.\" \/>\n<meta property=\"og:url\" content=\"https:\/\/centrobebe.es\/en\/shop\/centrobebe\/alimentacion\/calienta-biberones\/calientabiberon-jane-casa-coche-0m\/\" \/>\n<meta property=\"og:site_name\" content=\"Centrobeb\u00e9\" \/>\n<meta property=\"article:publisher\" content=\"https:\/\/www.facebook.com\/centrobebe\/\" \/>\n<meta property=\"article:modified_time\" content=\"2023-01-03T13:12:48+00:00\" \/>\n<meta property=\"og:image\" content=\"https:\/\/centrobebe.es\/wp-content\/uploads\/2018\/05\/1744_10344marro-copiar.jpg\" \/>\n\t<meta property=\"og:image:width\" content=\"665\" \/>\n\t<meta property=\"og:image:height\" content=\"768\" \/>\n\t<meta property=\"og:image:type\" content=\"image\/jpeg\" \/>\n<meta name=\"twitter:card\" content=\"summary_large_image\" \/>\n<meta name=\"twitter:site\" content=\"@centrobebe\" \/>\n<meta name=\"twitter:label1\" content=\"Estimated reading time\" \/>\n\t<meta name=\"twitter:data1\" content=\"2 minutes\" \/>\n<script type=\"application\/ld+json\" class=\"yoast-schema-graph\">{\"@context\":\"https:\\\/\\\/schema.org\",\"@graph\":[{\"@type\":\"WebPage\",\"@id\":\"https:\\\/\\\/centrobebe.es\\\/shop\\\/centrobebe\\\/alimentacion\\\/calienta-biberones\\\/calientabiberon-jane-casa-coche-0m\\\/\",\"url\":\"https:\\\/\\\/centrobebe.es\\\/shop\\\/centrobebe\\\/alimentacion\\\/calienta-biberones\\\/calientabiberon-jane-casa-coche-0m\\\/\",\"name\":\"Calienta Biberones Jane para Casa o Coche - Compra online - Centrobeb\u00e9\",\"isPartOf\":{\"@id\":\"https:\\\/\\\/centrobebe.es\\\/#website\"},\"primaryImageOfPage\":{\"@id\":\"https:\\\/\\\/centrobebe.es\\\/shop\\\/centrobebe\\\/alimentacion\\\/calienta-biberones\\\/calientabiberon-jane-casa-coche-0m\\\/#primaryimage\"},\"image\":{\"@id\":\"https:\\\/\\\/centrobebe.es\\\/shop\\\/centrobebe\\\/alimentacion\\\/calienta-biberones\\\/calientabiberon-jane-casa-coche-0m\\\/#primaryimage\"},\"thumbnailUrl\":\"https:\\\/\\\/centrobebe.es\\\/wp-content\\\/uploads\\\/2018\\\/05\\\/1744_10344marro-copiar.jpg\",\"datePublished\":\"2018-05-28T19:04:11+00:00\",\"dateModified\":\"2023-01-03T13:12:48+00:00\",\"description\":\"Calienta Biberones Jane, para utilizar en casa o en el coche. Calienta biberones que funciona mediante vapor. Todo tipo de biberones: standard y boca ancha.\",\"breadcrumb\":{\"@id\":\"https:\\\/\\\/centrobebe.es\\\/shop\\\/centrobebe\\\/alimentacion\\\/calienta-biberones\\\/calientabiberon-jane-casa-coche-0m\\\/#breadcrumb\"},\"inLanguage\":\"en-GB\",\"potentialAction\":[{\"@type\":\"ReadAction\",\"target\":[\"https:\\\/\\\/centrobebe.es\\\/shop\\\/centrobebe\\\/alimentacion\\\/calienta-biberones\\\/calientabiberon-jane-casa-coche-0m\\\/\"]}]},{\"@type\":\"ImageObject\",\"inLanguage\":\"en-GB\",\"@id\":\"https:\\\/\\\/centrobebe.es\\\/shop\\\/centrobebe\\\/alimentacion\\\/calienta-biberones\\\/calientabiberon-jane-casa-coche-0m\\\/#primaryimage\",\"url\":\"https:\\\/\\\/centrobebe.es\\\/wp-content\\\/uploads\\\/2018\\\/05\\\/1744_10344marro-copiar.jpg\",\"contentUrl\":\"https:\\\/\\\/centrobebe.es\\\/wp-content\\\/uploads\\\/2018\\\/05\\\/1744_10344marro-copiar.jpg\",\"width\":665,\"height\":768,\"caption\":\"calienta biberones jane\"},{\"@type\":\"BreadcrumbList\",\"@id\":\"https:\\\/\\\/centrobebe.es\\\/shop\\\/centrobebe\\\/alimentacion\\\/calienta-biberones\\\/calientabiberon-jane-casa-coche-0m\\\/#breadcrumb\",\"itemListElement\":[{\"@type\":\"ListItem\",\"position\":1,\"name\":\"Portada\",\"item\":\"https:\\\/\\\/centrobebe.es\\\/\"},{\"@type\":\"ListItem\",\"position\":2,\"name\":\"Shop\",\"item\":\"https:\\\/\\\/centrobebe.es\\\/shop\\\/\"},{\"@type\":\"ListItem\",\"position\":3,\"name\":\"Calienta Biber\u00f3n Jane Casa \\\/ Coche 0m+\"}]},{\"@type\":\"WebSite\",\"@id\":\"https:\\\/\\\/centrobebe.es\\\/#website\",\"url\":\"https:\\\/\\\/centrobebe.es\\\/\",\"name\":\"Centrobeb\u00e9\",\"description\":\"Tienda de bebe online | Todo lo que tu bebe necesita\",\"publisher\":{\"@id\":\"https:\\\/\\\/centrobebe.es\\\/#organization\"},\"alternateName\":\"Centrobeb\u00e9\",\"potentialAction\":[{\"@type\":\"SearchAction\",\"target\":{\"@type\":\"EntryPoint\",\"urlTemplate\":\"https:\\\/\\\/centrobebe.es\\\/?s={search_term_string}\"},\"query-input\":{\"@type\":\"PropertyValueSpecification\",\"valueRequired\":true,\"valueName\":\"search_term_string\"}}],\"inLanguage\":\"en-GB\"},{\"@type\":\"Organization\",\"@id\":\"https:\\\/\\\/centrobebe.es\\\/#organization\",\"name\":\"Centrobebe\",\"alternateName\":\"Centrobebe\",\"url\":\"https:\\\/\\\/centrobebe.es\\\/\",\"logo\":{\"@type\":\"ImageObject\",\"inLanguage\":\"en-GB\",\"@id\":\"https:\\\/\\\/centrobebe.es\\\/#\\\/schema\\\/logo\\\/image\\\/\",\"url\":\"https:\\\/\\\/centrobebe.es\\\/wp-content\\\/uploads\\\/2018\\\/06\\\/icono3-e1557940133982.png\",\"contentUrl\":\"https:\\\/\\\/centrobebe.es\\\/wp-content\\\/uploads\\\/2018\\\/06\\\/icono3-e1557940133982.png\",\"width\":34,\"height\":29,\"caption\":\"Centrobebe\"},\"image\":{\"@id\":\"https:\\\/\\\/centrobebe.es\\\/#\\\/schema\\\/logo\\\/image\\\/\"},\"sameAs\":[\"https:\\\/\\\/www.facebook.com\\\/centrobebe\\\/\",\"https:\\\/\\\/x.com\\\/centrobebe\",\"https:\\\/\\\/www.instagram.com\\\/centrobebe.es\\\/\",\"https:\\\/\\\/www.youtube.com\\\/channel\\\/UCVU-jcFuwntnxOhxvSbf3hg\"]}]}<\/script>\n<!-- \/ Yoast SEO plugin. -->","yoast_head_json":{"title":"Calienta Biberones Jane para Casa o Coche - Compra online - Centrobeb\u00e9","description":"Calienta Biberones Jane, para utilizar en casa o en el coche. Calienta biberones que funciona mediante vapor. Todo tipo de biberones: standard y boca ancha.","robots":{"index":"index","follow":"follow","max-snippet":"max-snippet:-1","max-image-preview":"max-image-preview:large","max-video-preview":"max-video-preview:-1"},"canonical":"https:\/\/centrobebe.es\/en\/shop\/centrobebe\/alimentacion\/calienta-biberones\/calientabiberon-jane-casa-coche-0m\/","og_locale":"en_GB","og_type":"article","og_title":"Calienta Biberones Jane para Casa o Coche - Compra online - Centrobeb\u00e9","og_description":"Calienta Biberones Jane, para utilizar en casa o en el coche. Calienta biberones que funciona mediante vapor. Todo tipo de biberones: standard y boca ancha.","og_url":"https:\/\/centrobebe.es\/en\/shop\/centrobebe\/alimentacion\/calienta-biberones\/calientabiberon-jane-casa-coche-0m\/","og_site_name":"Centrobeb\u00e9","article_publisher":"https:\/\/www.facebook.com\/centrobebe\/","article_modified_time":"2023-01-03T13:12:48+00:00","og_image":[{"width":665,"height":768,"url":"https:\/\/centrobebe.es\/wp-content\/uploads\/2018\/05\/1744_10344marro-copiar.jpg","type":"image\/jpeg"}],"twitter_card":"summary_large_image","twitter_site":"@centrobebe","twitter_misc":{"Estimated reading time":"2 minutes"},"schema":{"@context":"https:\/\/schema.org","@graph":[{"@type":"WebPage","@id":"https:\/\/centrobebe.es\/shop\/centrobebe\/alimentacion\/calienta-biberones\/calientabiberon-jane-casa-coche-0m\/","url":"https:\/\/centrobebe.es\/shop\/centrobebe\/alimentacion\/calienta-biberones\/calientabiberon-jane-casa-coche-0m\/","name":"Calienta Biberones Jane para Casa o Coche - Compra online - Centrobeb\u00e9","isPartOf":{"@id":"https:\/\/centrobebe.es\/#website"},"primaryImageOfPage":{"@id":"https:\/\/centrobebe.es\/shop\/centrobebe\/alimentacion\/calienta-biberones\/calientabiberon-jane-casa-coche-0m\/#primaryimage"},"image":{"@id":"https:\/\/centrobebe.es\/shop\/centrobebe\/alimentacion\/calienta-biberones\/calientabiberon-jane-casa-coche-0m\/#primaryimage"},"thumbnailUrl":"https:\/\/centrobebe.es\/wp-content\/uploads\/2018\/05\/1744_10344marro-copiar.jpg","datePublished":"2018-05-28T19:04:11+00:00","dateModified":"2023-01-03T13:12:48+00:00","description":"Calienta Biberones Jane, para utilizar en casa o en el coche. Calienta biberones que funciona mediante vapor. Todo tipo de biberones: standard y boca ancha.","breadcrumb":{"@id":"https:\/\/centrobebe.es\/shop\/centrobebe\/alimentacion\/calienta-biberones\/calientabiberon-jane-casa-coche-0m\/#breadcrumb"},"inLanguage":"en-GB","potentialAction":[{"@type":"ReadAction","target":["https:\/\/centrobebe.es\/shop\/centrobebe\/alimentacion\/calienta-biberones\/calientabiberon-jane-casa-coche-0m\/"]}]},{"@type":"ImageObject","inLanguage":"en-GB","@id":"https:\/\/centrobebe.es\/shop\/centrobebe\/alimentacion\/calienta-biberones\/calientabiberon-jane-casa-coche-0m\/#primaryimage","url":"https:\/\/centrobebe.es\/wp-content\/uploads\/2018\/05\/1744_10344marro-copiar.jpg","contentUrl":"https:\/\/centrobebe.es\/wp-content\/uploads\/2018\/05\/1744_10344marro-copiar.jpg","width":665,"height":768,"caption":"calienta biberones jane"},{"@type":"BreadcrumbList","@id":"https:\/\/centrobebe.es\/shop\/centrobebe\/alimentacion\/calienta-biberones\/calientabiberon-jane-casa-coche-0m\/#breadcrumb","itemListElement":[{"@type":"ListItem","position":1,"name":"Portada","item":"https:\/\/centrobebe.es\/"},{"@type":"ListItem","position":2,"name":"Shop","item":"https:\/\/centrobebe.es\/shop\/"},{"@type":"ListItem","position":3,"name":"Calienta Biber\u00f3n Jane Casa \/ Coche 0m+"}]},{"@type":"WebSite","@id":"https:\/\/centrobebe.es\/#website","url":"https:\/\/centrobebe.es\/","name":"Centrobeb\u00e9","description":"Tienda de bebe online | Todo lo que tu bebe necesita","publisher":{"@id":"https:\/\/centrobebe.es\/#organization"},"alternateName":"Centrobeb\u00e9","potentialAction":[{"@type":"SearchAction","target":{"@type":"EntryPoint","urlTemplate":"https:\/\/centrobebe.es\/?s={search_term_string}"},"query-input":{"@type":"PropertyValueSpecification","valueRequired":true,"valueName":"search_term_string"}}],"inLanguage":"en-GB"},{"@type":"Organization","@id":"https:\/\/centrobebe.es\/#organization","name":"Centrobebe","alternateName":"Centrobebe","url":"https:\/\/centrobebe.es\/","logo":{"@type":"ImageObject","inLanguage":"en-GB","@id":"https:\/\/centrobebe.es\/#\/schema\/logo\/image\/","url":"https:\/\/centrobebe.es\/wp-content\/uploads\/2018\/06\/icono3-e1557940133982.png","contentUrl":"https:\/\/centrobebe.es\/wp-content\/uploads\/2018\/06\/icono3-e1557940133982.png","width":34,"height":29,"caption":"Centrobebe"},"image":{"@id":"https:\/\/centrobebe.es\/#\/schema\/logo\/image\/"},"sameAs":["https:\/\/www.facebook.com\/centrobebe\/","https:\/\/x.com\/centrobebe","https:\/\/www.instagram.com\/centrobebe.es\/","https:\/\/www.youtube.com\/channel\/UCVU-jcFuwntnxOhxvSbf3hg"]}]}},"brands":[{"id":385,"name":"Jane","slug":"jane"}],"_links":{"self":[{"href":"https:\/\/centrobebe.es\/en\/wp-json\/wp\/v2\/product\/6754","targetHints":{"allow":["GET"]}}],"collection":[{"href":"https:\/\/centrobebe.es\/en\/wp-json\/wp\/v2\/product"}],"about":[{"href":"https:\/\/centrobebe.es\/en\/wp-json\/wp\/v2\/types\/product"}],"version-history":[{"count":1,"href":"https:\/\/centrobebe.es\/en\/wp-json\/wp\/v2\/product\/6754\/revisions"}],"predecessor-version":[{"id":44395,"href":"https:\/\/centrobebe.es\/en\/wp-json\/wp\/v2\/product\/6754\/revisions\/44395"}],"wp:featuredmedia":[{"embeddable":true,"href":"https:\/\/centrobebe.es\/en\/wp-json\/wp\/v2\/media\/6755"}],"wp:attachment":[{"href":"https:\/\/centrobebe.es\/en\/wp-json\/wp\/v2\/media?parent=6754"}],"wp:term":[{"taxonomy":"pwb-brand","embeddable":true,"href":"https:\/\/centrobebe.es\/en\/wp-json\/wp\/v2\/pwb-brand?post=6754"},{"taxonomy":"product_cat","embeddable":true,"href":"https:\/\/centrobebe.es\/en\/wp-json\/wp\/v2\/product_cat?post=6754"},{"taxonomy":"product_tag","embeddable":true,"href":"https:\/\/centrobebe.es\/en\/wp-json\/wp\/v2\/product_tag?post=6754"}],"curies":[{"name":"wp","href":"https:\/\/api.w.org\/{rel}","templated":true}]}}